{"id":44,"date":"2025-02-03T19:04:23","date_gmt":"2025-02-03T19:04:23","guid":{"rendered":"https:\/\/locusnetwerk.nl\/?page_id=44"},"modified":"2025-02-03T19:04:26","modified_gmt":"2025-02-03T19:04:26","slug":"over-ons","status":"publish","type":"page","link":"https:\/\/locusnetwerk.nl\/ro\/over-ons\/","title":{"rendered":"Despre noi"},"content":{"rendered":"<p>Bine a\u021bi venit la LocusNetwerk, sursa dumneavoastr\u0103 pentru tot ce \u021bine de mod\u0103 \u0219i stil. Site-ul nostru web este un loc unde pasiona\u021bii de mod\u0103 \u00ee\u0219i pot g\u0103si inspira\u021bia, de la cele mai noi tendin\u021be p\u00e2n\u0103 la stiluri atemporale. Aici \u00eemp\u0103rt\u0103\u0219im totul despre mod\u0103, de la sfaturi vestimentare p\u00e2n\u0103 la cele mai recente tendin\u021be de pe podium, astfel \u00eenc\u00e2t s\u0103 po\u021bi fi mereu la curent cu ce se \u00eent\u00e2mpl\u0103 \u00een lumea modei.<\/p>\n<p>Suntem pasiona\u021bi de mod\u0103 \u0219i credem c\u0103 \u00eembr\u0103c\u0103mintea este un instrument puternic de exprimare a sinelui. Pe LocusNetwerk ve\u021bi g\u0103si articole care v\u0103 ajut\u0103 s\u0103 v\u0103 descoperi\u021bi \u0219i s\u0103 v\u0103 dezvolta\u021bi stilul personal. Indiferent dac\u0103 e\u0219ti \u00een c\u0103utarea celor mai recente tendin\u021be, a unor sfaturi pentru combinarea \u021binutelor sau pur \u0219i simplu vrei s\u0103 \u0219tii ce se \u00eent\u00e2mpl\u0103 \u00een industria modei, avem tot ce ai nevoie.<\/p>\n<p><img loading=\"lazy\" decoding=\"async\" class=\"aligncenter wp-image-45 size-full\" src=\"https:\/\/locusnetwerk.nl\/wp-content\/uploads\/2025\/02\/photo-new.jpg\" alt=\"\" width=\"612\" height=\"400\" srcset=\"https:\/\/locusnetwerk.nl\/wp-content\/uploads\/2025\/02\/photo-new.jpg 612w, https:\/\/locusnetwerk.nl\/wp-content\/uploads\/2025\/02\/photo-new-300x196.jpg 300w\" sizes=\"auto, (max-width: 612px) 100vw, 612px\" \/><\/p>\n<h2>La ce v\u0103 pute\u021bi a\u0219tepta:<\/h2>\n<ul>\n<li>Analize aprofundate ale colec\u021biilor \u0219i tendin\u021belor de mod\u0103.<\/li>\n<li>Sfaturi de stil pentru fiecare ocazie, de la casual la formal.<\/li>\n<li>Informa\u021bii despre sustenabilitatea modei \u0219i a m\u0103rcilor etice.<\/li>\n<li>Interviuri cu exper\u021bi \u00een mod\u0103 \u0219i influenceri.<\/li>\n<li>\u0218tiri despre evenimente de mod\u0103 \u0219i prezent\u0103ri de mod\u0103 importante.<\/li>\n<\/ul>\n<p>R\u0103m\u00e2i la curent cu tot ce se \u00eent\u00e2mpl\u0103 \u00een lumea modei \u0219i descoper\u0103 con\u021binut nou \u0219i inspira\u021bional \u00een fiecare s\u0103pt\u0103m\u00e2n\u0103!<\/p>","protected":false},"excerpt":{"rendered":"<p>Bine a\u021bi venit la LocusNetwerk, sursa dumneavoastr\u0103 pentru tot ce \u021bine de mod\u0103 \u0219i stil. Site-ul nostru web este un loc<\/p>\n<div class=\"read-more\"><a href=\"https:\/\/locusnetwerk.nl\/ro\/over-ons\/\" class=\"link\">Cite\u015fte mai mult <i class=\"fa fa-angle-right\"><\/i><span class=\"screen-reader-text\"> Despre noi<\/span><\/a><\/div>","protected":false},"author":1,"featured_media":0,"parent":0,"menu_order":0,"comment_status":"closed","ping_status":"closed","template":"","meta":{"_acf_changed":false,"footnotes":""},"class_list":["post-44","page","type-page","status-publish","hentry"],"acf":[],"yoast_head":"<!-- This site is optimized with the Yoast SEO plugin v23.2 - https:\/\/yoast.com\/wordpress\/plugins\/seo\/ -->\n<title>Over ons - locusnetwerk.nl<\/title>\n<meta name=\"description\" content=\"LocusNetwerk biedt mode-inspiratie, de laatste trends, stijltips en meer. Alles over mode in \u00e9\u00e9n plek. Blijf op de hoogte van de nieuwste mode!\" \/>\n<meta name=\"robots\" content=\"index, follow, max-snippet:-1, max-image-preview:large, max-video-preview:-1\" \/>\n<link rel=\"canonical\" href=\"https:\/\/locusnetwerk.nl\/ro\/over-ons\/\" \/>\n<meta property=\"og:locale\" content=\"ro_RO\" \/>\n<meta property=\"og:type\" content=\"article\" \/>\n<meta property=\"og:title\" content=\"Over ons - locusnetwerk.nl\" \/>\n<meta property=\"og:description\" content=\"LocusNetwerk biedt mode-inspiratie, de laatste trends, stijltips en meer. Alles over mode in \u00e9\u00e9n plek. Blijf op de hoogte van de nieuwste mode!\" \/>\n<meta property=\"og:url\" content=\"https:\/\/locusnetwerk.nl\/ro\/over-ons\/\" \/>\n<meta property=\"og:site_name\" content=\"locusnetwerk.nl\" \/>\n<meta property=\"article:modified_time\" content=\"2025-02-03T19:04:26+00:00\" \/>\n<meta property=\"og:image\" content=\"https:\/\/locusnetwerk.nl\/wp-content\/uploads\/2025\/02\/photo-new.jpg\" \/>\n<meta name=\"twitter:card\" content=\"summary_large_image\" \/>\n<meta name=\"twitter:label1\" content=\"Timp estimat pentru citire\" \/>\n\t<meta name=\"twitter:data1\" content=\"2 minute\" \/>\n<script type=\"application\/ld+json\" class=\"yoast-schema-graph\">{\"@context\":\"https:\/\/schema.org\",\"@graph\":[{\"@type\":\"WebPage\",\"@id\":\"https:\/\/locusnetwerk.nl\/over-ons\/\",\"url\":\"https:\/\/locusnetwerk.nl\/over-ons\/\",\"name\":\"Over ons - locusnetwerk.nl\",\"isPartOf\":{\"@id\":\"https:\/\/locusnetwerk.nl\/#website\"},\"primaryImageOfPage\":{\"@id\":\"https:\/\/locusnetwerk.nl\/over-ons\/#primaryimage\"},\"image\":{\"@id\":\"https:\/\/locusnetwerk.nl\/over-ons\/#primaryimage\"},\"thumbnailUrl\":\"https:\/\/locusnetwerk.nl\/wp-content\/uploads\/2025\/02\/photo-new.jpg\",\"datePublished\":\"2025-02-03T19:04:23+00:00\",\"dateModified\":\"2025-02-03T19:04:26+00:00\",\"description\":\"LocusNetwerk biedt mode-inspiratie, de laatste trends, stijltips en meer. Alles over mode in \u00e9\u00e9n plek. Blijf op de hoogte van de nieuwste mode!\",\"breadcrumb\":{\"@id\":\"https:\/\/locusnetwerk.nl\/over-ons\/#breadcrumb\"},\"inLanguage\":\"ro-RO\",\"potentialAction\":[{\"@type\":\"ReadAction\",\"target\":[\"https:\/\/locusnetwerk.nl\/over-ons\/\"]}]},{\"@type\":\"ImageObject\",\"inLanguage\":\"ro-RO\",\"@id\":\"https:\/\/locusnetwerk.nl\/over-ons\/#primaryimage\",\"url\":\"https:\/\/locusnetwerk.nl\/wp-content\/uploads\/2025\/02\/photo-new.jpg\",\"contentUrl\":\"https:\/\/locusnetwerk.nl\/wp-content\/uploads\/2025\/02\/photo-new.jpg\"},{\"@type\":\"BreadcrumbList\",\"@id\":\"https:\/\/locusnetwerk.nl\/over-ons\/#breadcrumb\",\"itemListElement\":[{\"@type\":\"ListItem\",\"position\":1,\"name\":\"Home\",\"item\":\"https:\/\/locusnetwerk.nl\/\"},{\"@type\":\"ListItem\",\"position\":2,\"name\":\"Over ons\"}]},{\"@type\":\"WebSite\",\"@id\":\"https:\/\/locusnetwerk.nl\/#website\",\"url\":\"https:\/\/locusnetwerk.nl\/\",\"name\":\"locusnetwerk.nl\",\"description\":\"Mode en Kleding Trends, Stijladvies en Inspiratie\",\"potentialAction\":[{\"@type\":\"SearchAction\",\"target\":{\"@type\":\"EntryPoint\",\"urlTemplate\":\"https:\/\/locusnetwerk.nl\/?s={search_term_string}\"},\"query-input\":\"required name=search_term_string\"}],\"inLanguage\":\"ro-RO\"}]}<\/script>\n<!-- \/ Yoast SEO plugin. -->","yoast_head_json":{"title":"Over ons - locusnetwerk.nl","description":"LocusNetwerk biedt mode-inspiratie, de laatste trends, stijltips en meer. Alles over mode in \u00e9\u00e9n plek. Blijf op de hoogte van de nieuwste mode!","robots":{"index":"index","follow":"follow","max-snippet":"max-snippet:-1","max-image-preview":"max-image-preview:large","max-video-preview":"max-video-preview:-1"},"canonical":"https:\/\/locusnetwerk.nl\/ro\/over-ons\/","og_locale":"ro_RO","og_type":"article","og_title":"Over ons - locusnetwerk.nl","og_description":"LocusNetwerk biedt mode-inspiratie, de laatste trends, stijltips en meer. Alles over mode in \u00e9\u00e9n plek. Blijf op de hoogte van de nieuwste mode!","og_url":"https:\/\/locusnetwerk.nl\/ro\/over-ons\/","og_site_name":"locusnetwerk.nl","article_modified_time":"2025-02-03T19:04:26+00:00","og_image":[{"url":"https:\/\/locusnetwerk.nl\/wp-content\/uploads\/2025\/02\/photo-new.jpg"}],"twitter_card":"summary_large_image","twitter_misc":{"Timp estimat pentru citire":"2 minute"},"schema":{"@context":"https:\/\/schema.org","@graph":[{"@type":"WebPage","@id":"https:\/\/locusnetwerk.nl\/over-ons\/","url":"https:\/\/locusnetwerk.nl\/over-ons\/","name":"Over ons - locusnetwerk.nl","isPartOf":{"@id":"https:\/\/locusnetwerk.nl\/#website"},"primaryImageOfPage":{"@id":"https:\/\/locusnetwerk.nl\/over-ons\/#primaryimage"},"image":{"@id":"https:\/\/locusnetwerk.nl\/over-ons\/#primaryimage"},"thumbnailUrl":"https:\/\/locusnetwerk.nl\/wp-content\/uploads\/2025\/02\/photo-new.jpg","datePublished":"2025-02-03T19:04:23+00:00","dateModified":"2025-02-03T19:04:26+00:00","description":"LocusNetwerk biedt mode-inspiratie, de laatste trends, stijltips en meer. Alles over mode in \u00e9\u00e9n plek. Blijf op de hoogte van de nieuwste mode!","breadcrumb":{"@id":"https:\/\/locusnetwerk.nl\/over-ons\/#breadcrumb"},"inLanguage":"ro-RO","potentialAction":[{"@type":"ReadAction","target":["https:\/\/locusnetwerk.nl\/over-ons\/"]}]},{"@type":"ImageObject","inLanguage":"ro-RO","@id":"https:\/\/locusnetwerk.nl\/over-ons\/#primaryimage","url":"https:\/\/locusnetwerk.nl\/wp-content\/uploads\/2025\/02\/photo-new.jpg","contentUrl":"https:\/\/locusnetwerk.nl\/wp-content\/uploads\/2025\/02\/photo-new.jpg"},{"@type":"BreadcrumbList","@id":"https:\/\/locusnetwerk.nl\/over-ons\/#breadcrumb","itemListElement":[{"@type":"ListItem","position":1,"name":"Home","item":"https:\/\/locusnetwerk.nl\/"},{"@type":"ListItem","position":2,"name":"Over ons"}]},{"@type":"WebSite","@id":"https:\/\/locusnetwerk.nl\/#website","url":"https:\/\/locusnetwerk.nl\/","name":"locusnetwerk.nl","description":"Mode en Kleding Trends, Stijladvies en Inspiratie","potentialAction":[{"@type":"SearchAction","target":{"@type":"EntryPoint","urlTemplate":"https:\/\/locusnetwerk.nl\/?s={search_term_string}"},"query-input":"required name=search_term_string"}],"inLanguage":"ro-RO"}]}},"yoast_meta":{"yoast_wpseo_title":"","yoast_wpseo_metadesc":"","yoast_wpseo_canonical":"https:\/\/locusnetwerk.nl\/ro\/wp-json\/wp\/v2\/pages\/44"},"_links":{"self":[{"href":"https:\/\/locusnetwerk.nl\/ro\/wp-json\/wp\/v2\/pages\/44","targetHints":{"allow":["GET"]}}],"collection":[{"href":"https:\/\/locusnetwerk.nl\/ro\/wp-json\/wp\/v2\/pages"}],"about":[{"href":"https:\/\/locusnetwerk.nl\/ro\/wp-json\/wp\/v2\/types\/page"}],"author":[{"embeddable":true,"href":"https:\/\/locusnetwerk.nl\/ro\/wp-json\/wp\/v2\/users\/1"}],"replies":[{"embeddable":true,"href":"https:\/\/locusnetwerk.nl\/ro\/wp-json\/wp\/v2\/comments?post=44"}],"version-history":[{"count":1,"href":"https:\/\/locusnetwerk.nl\/ro\/wp-json\/wp\/v2\/pages\/44\/revisions"}],"predecessor-version":[{"id":46,"href":"https:\/\/locusnetwerk.nl\/ro\/wp-json\/wp\/v2\/pages\/44\/revisions\/46"}],"wp:attachment":[{"href":"https:\/\/locusnetwerk.nl\/ro\/wp-json\/wp\/v2\/media?parent=44"}],"curies":[{"name":"wp","href":"https:\/\/api.w.org\/{rel}","templated":true}]}}