{"id":43,"date":"2025-02-03T19:05:22","date_gmt":"2025-02-03T19:05:22","guid":{"rendered":"https:\/\/locusnetwerk.nl\/?page_id=43"},"modified":"2025-02-03T19:05:24","modified_gmt":"2025-02-03T19:05:24","slug":"contactgegevens","status":"publish","type":"page","link":"https:\/\/locusnetwerk.nl\/ro\/contactgegevens\/","title":{"rendered":"Date de contact"},"content":{"rendered":"<p>Bine a\u021bi venit la <strong>Re\u021beaua Locus<\/strong>. Suntem \u00eentotdeauna deschi\u0219i la \u00eentreb\u0103rile, sugestiile \u0219i feedback-ul dumneavoastr\u0103. V\u0103 rug\u0103m s\u0103 ne contacta\u021bi folosind datele de mai jos sau s\u0103 completa\u021bi formularul nostru de contact. Suntem bucuro\u0219i s\u0103 v\u0103 ajut\u0103m!<\/p>\n<h2>E-mail<\/h2>\n<p>Pentru toate \u00eentreb\u0103rile \u0219i sugestiile dumneavoastr\u0103, ne pute\u021bi contacta prin e-mail. Trimite\u021bi un mesaj c\u0103tre <a href=\"mailto:info@locusnetwerk.nl\">info@locusnetwerk.nl<\/a> \u0219i vom face tot posibilul s\u0103 r\u0103spundem c\u00e2t mai repede posibil.<\/p>\n<h2>Formular de feedback<\/h2>\n<p>Ave\u021bi o \u00eentrebare specific\u0103 sau dori\u021bi s\u0103 ne contacta\u021bi direct? V\u0103 rug\u0103m s\u0103 completa\u021bi formularul de mai jos. V\u0103 vom contacta \u00een cur\u00e2nd!<\/p>\n<form action=\"\" data-trp-original-action=\"\">\n        <label for=\"naam\">Nume:<\/label><br \/>\n        <input type=\"text\" id=\"naam\" name=\"naam\" required><\/p>\n<p>        <label for=\"email\">Adresa de e-mail:<\/label><br \/>\n        <input type=\"email\" id=\"email\" name=\"email\" required><\/p>\n<p>        <label for=\"onderwerp\">Subiect:<\/label><br \/>\n        <input type=\"text\" id=\"onderwerp\" name=\"onderwerp\" required><\/p>\n<p>        <label for=\"bericht\">Mesaj:<\/label><br \/>\n        <textarea id=\"bericht\" name=\"bericht\" rows=\"5\" required><\/textarea><\/p>\n<p>        <button type=\"submit\">Trimite<\/button><br \/>\n    <input type=\"hidden\" name=\"trp-form-language\" value=\"ro\"\/><\/form>","protected":false},"excerpt":{"rendered":"<p>Bun venit la Locus Network. Suntem \u00eentotdeauna deschi\u0219i la \u00eentreb\u0103rile, sugestiile \u0219i feedback-ul dumneavoastr\u0103. Nu ezita\u021bi s\u0103 ne contacta\u021bi.<\/p>\n<div class=\"read-more\"><a href=\"https:\/\/locusnetwerk.nl\/ro\/contactgegevens\/\" class=\"link\">Cite\u015fte mai mult <i class=\"fa fa-angle-right\"><\/i><span class=\"screen-reader-text\"> Date de contact<\/span><\/a><\/div>","protected":false},"author":1,"featured_media":0,"parent":0,"menu_order":0,"comment_status":"closed","ping_status":"closed","template":"","meta":{"_acf_changed":false,"footnotes":""},"class_list":["post-43","page","type-page","status-publish","hentry"],"acf":[],"yoast_head":"<!-- This site is optimized with the Yoast SEO plugin v23.2 - https:\/\/yoast.com\/wordpress\/plugins\/seo\/ -->\n<title>Contactgegevens - locusnetwerk.nl<\/title>\n<meta name=\"robots\" content=\"index, follow, max-snippet:-1, max-image-preview:large, max-video-preview:-1\" \/>\n<link rel=\"canonical\" href=\"https:\/\/locusnetwerk.nl\/ro\/contactgegevens\/\" \/>\n<meta property=\"og:locale\" content=\"ro_RO\" \/>\n<meta property=\"og:type\" content=\"article\" \/>\n<meta property=\"og:title\" content=\"Contactgegevens - locusnetwerk.nl\" \/>\n<meta property=\"og:description\" content=\"Welkom bij Locus Netwerk. Wij staan altijd open voor jouw vragen, suggesties en feedback. Neem gerust contact met ons opRead More &quot;Contactgegevens&quot;\" \/>\n<meta property=\"og:url\" content=\"https:\/\/locusnetwerk.nl\/ro\/contactgegevens\/\" \/>\n<meta property=\"og:site_name\" content=\"locusnetwerk.nl\" \/>\n<meta property=\"article:modified_time\" content=\"2025-02-03T19:05:24+00:00\" \/>\n<meta name=\"twitter:card\" content=\"summary_large_image\" \/>\n<meta name=\"twitter:label1\" content=\"Timp estimat pentru citire\" \/>\n\t<meta name=\"twitter:data1\" content=\"1 minut\" \/>\n<script type=\"application\/ld+json\" class=\"yoast-schema-graph\">{\"@context\":\"https:\/\/schema.org\",\"@graph\":[{\"@type\":\"WebPage\",\"@id\":\"https:\/\/locusnetwerk.nl\/contactgegevens\/\",\"url\":\"https:\/\/locusnetwerk.nl\/contactgegevens\/\",\"name\":\"Contactgegevens - locusnetwerk.nl\",\"isPartOf\":{\"@id\":\"https:\/\/locusnetwerk.nl\/#website\"},\"datePublished\":\"2025-02-03T19:05:22+00:00\",\"dateModified\":\"2025-02-03T19:05:24+00:00\",\"breadcrumb\":{\"@id\":\"https:\/\/locusnetwerk.nl\/contactgegevens\/#breadcrumb\"},\"inLanguage\":\"ro-RO\",\"potentialAction\":[{\"@type\":\"ReadAction\",\"target\":[\"https:\/\/locusnetwerk.nl\/contactgegevens\/\"]}]},{\"@type\":\"BreadcrumbList\",\"@id\":\"https:\/\/locusnetwerk.nl\/contactgegevens\/#breadcrumb\",\"itemListElement\":[{\"@type\":\"ListItem\",\"position\":1,\"name\":\"Home\",\"item\":\"https:\/\/locusnetwerk.nl\/\"},{\"@type\":\"ListItem\",\"position\":2,\"name\":\"Contactgegevens\"}]},{\"@type\":\"WebSite\",\"@id\":\"https:\/\/locusnetwerk.nl\/#website\",\"url\":\"https:\/\/locusnetwerk.nl\/\",\"name\":\"locusnetwerk.nl\",\"description\":\"Mode en Kleding Trends, Stijladvies en Inspiratie\",\"potentialAction\":[{\"@type\":\"SearchAction\",\"target\":{\"@type\":\"EntryPoint\",\"urlTemplate\":\"https:\/\/locusnetwerk.nl\/?s={search_term_string}\"},\"query-input\":\"required name=search_term_string\"}],\"inLanguage\":\"ro-RO\"}]}<\/script>\n<!-- \/ Yoast SEO plugin. -->","yoast_head_json":{"title":"Contactgegevens - locusnetwerk.nl","robots":{"index":"index","follow":"follow","max-snippet":"max-snippet:-1","max-image-preview":"max-image-preview:large","max-video-preview":"max-video-preview:-1"},"canonical":"https:\/\/locusnetwerk.nl\/ro\/contactgegevens\/","og_locale":"ro_RO","og_type":"article","og_title":"Contactgegevens - locusnetwerk.nl","og_description":"Welkom bij Locus Netwerk. Wij staan altijd open voor jouw vragen, suggesties en feedback. Neem gerust contact met ons opRead More \"Contactgegevens\"","og_url":"https:\/\/locusnetwerk.nl\/ro\/contactgegevens\/","og_site_name":"locusnetwerk.nl","article_modified_time":"2025-02-03T19:05:24+00:00","twitter_card":"summary_large_image","twitter_misc":{"Timp estimat pentru citire":"1 minut"},"schema":{"@context":"https:\/\/schema.org","@graph":[{"@type":"WebPage","@id":"https:\/\/locusnetwerk.nl\/contactgegevens\/","url":"https:\/\/locusnetwerk.nl\/contactgegevens\/","name":"Contactgegevens - locusnetwerk.nl","isPartOf":{"@id":"https:\/\/locusnetwerk.nl\/#website"},"datePublished":"2025-02-03T19:05:22+00:00","dateModified":"2025-02-03T19:05:24+00:00","breadcrumb":{"@id":"https:\/\/locusnetwerk.nl\/contactgegevens\/#breadcrumb"},"inLanguage":"ro-RO","potentialAction":[{"@type":"ReadAction","target":["https:\/\/locusnetwerk.nl\/contactgegevens\/"]}]},{"@type":"BreadcrumbList","@id":"https:\/\/locusnetwerk.nl\/contactgegevens\/#breadcrumb","itemListElement":[{"@type":"ListItem","position":1,"name":"Home","item":"https:\/\/locusnetwerk.nl\/"},{"@type":"ListItem","position":2,"name":"Contactgegevens"}]},{"@type":"WebSite","@id":"https:\/\/locusnetwerk.nl\/#website","url":"https:\/\/locusnetwerk.nl\/","name":"locusnetwerk.nl","description":"Mode en Kleding Trends, Stijladvies en Inspiratie","potentialAction":[{"@type":"SearchAction","target":{"@type":"EntryPoint","urlTemplate":"https:\/\/locusnetwerk.nl\/?s={search_term_string}"},"query-input":"required name=search_term_string"}],"inLanguage":"ro-RO"}]}},"yoast_meta":{"yoast_wpseo_title":"","yoast_wpseo_metadesc":"","yoast_wpseo_canonical":"https:\/\/locusnetwerk.nl\/ro\/wp-json\/wp\/v2\/pages\/43"},"_links":{"self":[{"href":"https:\/\/locusnetwerk.nl\/ro\/wp-json\/wp\/v2\/pages\/43","targetHints":{"allow":["GET"]}}],"collection":[{"href":"https:\/\/locusnetwerk.nl\/ro\/wp-json\/wp\/v2\/pages"}],"about":[{"href":"https:\/\/locusnetwerk.nl\/ro\/wp-json\/wp\/v2\/types\/page"}],"author":[{"embeddable":true,"href":"https:\/\/locusnetwerk.nl\/ro\/wp-json\/wp\/v2\/users\/1"}],"replies":[{"embeddable":true,"href":"https:\/\/locusnetwerk.nl\/ro\/wp-json\/wp\/v2\/comments?post=43"}],"version-history":[{"count":1,"href":"https:\/\/locusnetwerk.nl\/ro\/wp-json\/wp\/v2\/pages\/43\/revisions"}],"predecessor-version":[{"id":47,"href":"https:\/\/locusnetwerk.nl\/ro\/wp-json\/wp\/v2\/pages\/43\/revisions\/47"}],"wp:attachment":[{"href":"https:\/\/locusnetwerk.nl\/ro\/wp-json\/wp\/v2\/media?parent=43"}],"curies":[{"name":"wp","href":"https:\/\/api.w.org\/{rel}","templated":true}]}}